{"id":13140,"date":"2017-01-26T14:14:48","date_gmt":"2017-01-26T12:14:48","guid":{"rendered":"https:\/\/arnieslife.com\/contact\/"},"modified":"2026-01-23T13:16:51","modified_gmt":"2026-01-23T11:16:51","slug":"directions","status":"publish","type":"page","link":"https:\/\/arnieslife.com\/en\/directions\/","title":{"rendered":"Directions"},"content":{"rendered":"\t\t<div data-elementor-type=\"wp-page\" data-elementor-id=\"13140\" class=\"elementor elementor-13140 elementor-52\">\n\t\t\t\t<div class=\"elementor-element elementor-element-600d754 e-con-full e-flex wpr-particle-no wpr-jarallax-no wpr-parallax-no wpr-sticky-section-no e-con e-parent\" data-id=\"600d754\" data-element_type=\"container\" data-e-type=\"container\" data-settings=\"{&quot;background_background&quot;:&quot;classic&quot;,&quot;shape_divider_bottom&quot;:&quot;opacity-tilt&quot;,&quot;shape_divider_top&quot;:&quot;opacity-tilt&quot;}\">\n\t\t\t\t<div class=\"elementor-shape elementor-shape-top\" aria-hidden=\"true\" data-negative=\"false\">\n\t\t\t<svg xmlns=\"http:\/\/www.w3.org\/2000\/svg\" viewBox=\"0 0 2600 131.1\" preserveAspectRatio=\"none\">\n\t<path class=\"elementor-shape-fill\" d=\"M0 0L2600 0 2600 69.1 0 0z\"\/>\n\t<path class=\"elementor-shape-fill\" style=\"opacity:0.5\" d=\"M0 0L2600 0 2600 69.1 0 69.1z\"\/>\n\t<path class=\"elementor-shape-fill\" style=\"opacity:0.25\" d=\"M2600 0L0 0 0 130.1 2600 69.1z\"\/>\n<\/svg>\t\t<\/div>\n\t\t\t\t<div class=\"elementor-shape elementor-shape-bottom\" aria-hidden=\"true\" data-negative=\"false\">\n\t\t\t<svg xmlns=\"http:\/\/www.w3.org\/2000\/svg\" viewBox=\"0 0 2600 131.1\" preserveAspectRatio=\"none\">\n\t<path class=\"elementor-shape-fill\" d=\"M0 0L2600 0 2600 69.1 0 0z\"\/>\n\t<path class=\"elementor-shape-fill\" style=\"opacity:0.5\" d=\"M0 0L2600 0 2600 69.1 0 69.1z\"\/>\n\t<path class=\"elementor-shape-fill\" style=\"opacity:0.25\" d=\"M2600 0L0 0 0 130.1 2600 69.1z\"\/>\n<\/svg>\t\t<\/div>\n\t\t\t\t<div class=\"elementor-element elementor-element-854b2ad elementor-widget elementor-widget-text-editor\" data-id=\"854b2ad\" data-element_type=\"widget\" data-e-type=\"widget\" data-widget_type=\"text-editor.default\">\n\t\t\t\t<div class=\"elementor-widget-container\">\n\t\t\t\t\t\t\t\t\t<p><strong>Contact<\/strong><\/p>\n\t\t\t\t\t\t\t\t<\/div>\n\t\t\t\t<\/div>\n\t\t\t\t<\/div>\n\t\t<div class=\"elementor-element elementor-element-d92f799 e-flex e-con-boxed wpr-particle-no wpr-jarallax-no wpr-parallax-no wpr-sticky-section-no e-con e-parent\" data-id=\"d92f799\" data-element_type=\"container\" data-e-type=\"container\">\n\t\t\t\t\t<div class=\"e-con-inner\">\n\t\t<div class=\"elementor-element elementor-element-ac12d38 e-con-full e-flex wpr-particle-no wpr-jarallax-no wpr-parallax-no wpr-sticky-section-no e-con e-child\" data-id=\"ac12d38\" data-element_type=\"container\" data-e-type=\"container\">\n\t\t\t\t<div class=\"elementor-element elementor-element-e3977d1 elementor-widget elementor-widget-text-editor\" data-id=\"e3977d1\" data-element_type=\"widget\" data-e-type=\"widget\" data-widget_type=\"text-editor.default\">\n\t\t\t\t<div class=\"elementor-widget-container\">\n\t\t\t\t\t\t\t\t\t<p>Arrival by public transportation:<\/p>\n\t\t\t\t\t\t\t\t<\/div>\n\t\t\t\t<\/div>\n\t\t\t\t<div class=\"elementor-element elementor-element-1fb7b79 elementor-widget elementor-widget-text-editor\" data-id=\"1fb7b79\" data-element_type=\"widget\" data-e-type=\"widget\" data-widget_type=\"text-editor.default\">\n\t\t\t\t<div class=\"elementor-widget-container\">\n\t\t\t\t\t\t\t\t\t<p>From Jakominiplatz: Take bus no. 40 to the final stop <strong>G\u00f6sting<\/strong>.<br \/>From the main train station: take traffic tram no. 7 in the direction of <strong>Wetzelsdorf<\/strong> to the<strong> Alte Poststra\u00dfe<\/strong> stop. From there, take a short walk to the <strong>Alte Poststra\u00dfe<\/strong> bus stop and take bus no. 65 to the <strong>G\u00f6sting<\/strong> terminus.<\/p>\n<p>From <strong>G\u00f6sting<\/strong> take bus no. 48 to the <strong>Thalersee<\/strong> stop.<br \/>Take a short walk on the main road past Thalersee in the direction of the golf course. Follow the signs uphill towards the museum, Linakstra\u00dfe 9.<\/p>\n\t\t\t\t\t\t\t\t<\/div>\n\t\t\t\t<\/div>\n\t\t\t\t<\/div>\n\t\t<div class=\"elementor-element elementor-element-bc4070d e-con-full e-flex wpr-particle-no wpr-jarallax-no wpr-parallax-no wpr-sticky-section-no e-con e-child\" data-id=\"bc4070d\" data-element_type=\"container\" data-e-type=\"container\">\n\t\t\t\t<div class=\"elementor-element elementor-element-497a794 elementor-widget elementor-widget-text-editor\" data-id=\"497a794\" data-element_type=\"widget\" data-e-type=\"widget\" data-widget_type=\"text-editor.default\">\n\t\t\t\t<div class=\"elementor-widget-container\">\n\t\t\t\t\t\t\t\t\t<p>Arrival by car:<\/p>\n\t\t\t\t\t\t\t\t<\/div>\n\t\t\t\t<\/div>\n\t\t\t\t<div class=\"elementor-element elementor-element-c84ac19 elementor-widget elementor-widget-text-editor\" data-id=\"c84ac19\" data-element_type=\"widget\" data-e-type=\"widget\" data-widget_type=\"text-editor.default\">\n\t\t\t\t<div class=\"elementor-widget-container\">\n\t\t\t\t\t\t\t\t\t<p>From Wienerstra\u00dfe, head in the direction of G\u00f6sting. Continue past G\u00f6sting Castle, carry on to the right following the signs for <strong>Thalersee<\/strong>, <strong>Ernst Fuchs Kirche<\/strong> or the <strong>Arnold Schwarzenegger Museum<\/strong>. Always take the road towards <strong>Thalersee\/Golfplatz<\/strong>. Past Thalersee, turn right up the steep road to the museum.<\/p>\n<p>Coming over the Steinberg, head in the direction of <strong>Gasthaus Dorrer<\/strong>. Opposite the Dorrer inn, take the narrow road to Thal. Then continue past the sports field until you reach the golf course. Pass the golf course and turn left up the steep road. Follow the signs.<\/p>\n\t\t\t\t\t\t\t\t<\/div>\n\t\t\t\t<\/div>\n\t\t\t\t<\/div>\n\t\t\t\t\t<\/div>\n\t\t\t\t<\/div>\n\t\t<div class=\"elementor-element elementor-element-6cb299f e-flex e-con-boxed wpr-particle-no wpr-jarallax-no wpr-parallax-no wpr-sticky-section-no e-con e-parent\" data-id=\"6cb299f\" data-element_type=\"container\" data-e-type=\"container\">\n\t\t\t\t\t<div class=\"e-con-inner\">\n\t\t<div class=\"elementor-element elementor-element-fac05e6 e-con-full e-flex wpr-particle-no wpr-jarallax-no wpr-parallax-no wpr-sticky-section-no e-con e-child\" data-id=\"fac05e6\" data-element_type=\"container\" data-e-type=\"container\">\n\t\t\t\t<div class=\"elementor-element elementor-element-73767eb elementor-widget elementor-widget-text-editor\" data-id=\"73767eb\" data-element_type=\"widget\" data-e-type=\"widget\" data-widget_type=\"text-editor.default\">\n\t\t\t\t<div class=\"elementor-widget-container\">\n\t\t\t\t\t\t\t\t\t<p>Parking:<\/p>\n\t\t\t\t\t\t\t\t<\/div>\n\t\t\t\t<\/div>\n\t\t\t\t<div class=\"elementor-element elementor-element-f87b38a elementor-widget elementor-widget-text-editor\" data-id=\"f87b38a\" data-element_type=\"widget\" data-e-type=\"widget\" data-widget_type=\"text-editor.default\">\n\t\t\t\t<div class=\"elementor-widget-container\">\n\t\t\t\t\t\t\t\t\t<p>Dear visitors,<\/p>\n<p>the privacy and well-being of our neighborhood is very important to us.<\/p>\n<p>We kindly ask you to park exclusively in the parking spaces provided for the museum. Alternatively, you can also use the new municipal parking lot in Thal (be.ENERGISED Charging Station, Am Kirchberg 1, 8051 Thal), which is only a short walk from the museum.<\/p>\n<p>Thank you for your cooperation and understanding.<\/p>\n<p>Your ARNIE&#8217;s life Team<\/p>\n\t\t\t\t\t\t\t\t<\/div>\n\t\t\t\t<\/div>\n\t\t\t\t<\/div>\n\t\t<div class=\"elementor-element elementor-element-85236c0 e-con-full e-flex wpr-particle-no wpr-jarallax-no wpr-parallax-no wpr-sticky-section-no e-con e-child\" data-id=\"85236c0\" data-element_type=\"container\" data-e-type=\"container\">\n\t\t\t\t<div class=\"elementor-element elementor-element-f87edec elementor-widget elementor-widget-image\" data-id=\"f87edec\" data-element_type=\"widget\" data-e-type=\"widget\" data-widget_type=\"image.default\">\n\t\t\t\t<div class=\"elementor-widget-container\">\n\t\t\t\t\t\t\t\t\t\t\t\t\t\t\t<img fetchpriority=\"high\" decoding=\"async\" width=\"1024\" height=\"981\" src=\"https:\/\/arnieslife.com\/wp-content\/uploads\/2024\/07\/car-1024x981.jpg\" class=\"attachment-large size-large wp-image-13136\" alt=\"\" srcset=\"https:\/\/arnieslife.com\/wp-content\/uploads\/2024\/07\/car-1024x981.jpg 1024w, https:\/\/arnieslife.com\/wp-content\/uploads\/2024\/07\/car-300x287.jpg 300w, https:\/\/arnieslife.com\/wp-content\/uploads\/2024\/07\/car-768x736.jpg 768w, https:\/\/arnieslife.com\/wp-content\/uploads\/2024\/07\/car-1536x1472.jpg 1536w, https:\/\/arnieslife.com\/wp-content\/uploads\/2024\/07\/car-2048x1962.jpg 2048w, https:\/\/arnieslife.com\/wp-content\/uploads\/2024\/07\/car-600x575.jpg 600w\" sizes=\"(max-width: 1024px) 100vw, 1024px\" \/>\t\t\t\t\t\t\t\t\t\t\t\t\t\t\t<\/div>\n\t\t\t\t<\/div>\n\t\t\t\t<\/div>\n\t\t\t\t\t<\/div>\n\t\t\t\t<\/div>\n\t\t<div class=\"elementor-element elementor-element-d221205 e-con-full e-flex wpr-particle-no wpr-jarallax-no wpr-parallax-no wpr-sticky-section-no e-con e-parent\" data-id=\"d221205\" data-element_type=\"container\" data-e-type=\"container\" data-settings=\"{&quot;shape_divider_top&quot;:&quot;opacity-tilt&quot;}\">\n\t\t\t\t<div class=\"elementor-shape elementor-shape-top\" aria-hidden=\"true\" data-negative=\"false\">\n\t\t\t<svg xmlns=\"http:\/\/www.w3.org\/2000\/svg\" viewBox=\"0 0 2600 131.1\" preserveAspectRatio=\"none\">\n\t<path class=\"elementor-shape-fill\" d=\"M0 0L2600 0 2600 69.1 0 0z\"\/>\n\t<path class=\"elementor-shape-fill\" style=\"opacity:0.5\" d=\"M0 0L2600 0 2600 69.1 0 69.1z\"\/>\n\t<path class=\"elementor-shape-fill\" style=\"opacity:0.25\" d=\"M2600 0L0 0 0 130.1 2600 69.1z\"\/>\n<\/svg>\t\t<\/div>\n\t\t\t\t<div class=\"elementor-element elementor-element-82bf96c elementor-widget elementor-widget-google_maps\" data-id=\"82bf96c\" data-element_type=\"widget\" data-e-type=\"widget\" data-widget_type=\"google_maps.default\">\n\t\t\t\t<div class=\"elementor-widget-container\">\n\t\t\t\t\t\t\t<div class=\"elementor-custom-embed\">\n\t\t\t<iframe loading=\"lazy\"\n\t\t\t\t\tsrc=\"https:\/\/maps.google.com\/maps?q=linakstra%C3%9Fe%209&#038;t=m&#038;z=10&#038;output=embed&#038;iwloc=near\"\n\t\t\t\t\ttitle=\"linakstra\u00dfe 9\"\n\t\t\t\t\taria-label=\"linakstra\u00dfe 9\"\n\t\t\t><\/iframe>\n\t\t<\/div>\n\t\t\t\t\t\t<\/div>\n\t\t\t\t<\/div>\n\t\t\t\t<\/div>\n\t\t<div class=\"elementor-element elementor-element-bbdc9e7 e-flex e-con-boxed wpr-particle-no wpr-jarallax-no wpr-parallax-no wpr-sticky-section-no e-con e-parent\" data-id=\"bbdc9e7\" data-element_type=\"container\" data-e-type=\"container\" data-settings=\"{&quot;animation&quot;:&quot;none&quot;,&quot;background_background&quot;:&quot;classic&quot;}\">\n\t\t\t\t\t<div class=\"e-con-inner\">\n\t\t\t\t<div class=\"elementor-element elementor-element-f7de6cc elementor-view-framed elementor-shape-circle elementor-widget elementor-widget-icon\" data-id=\"f7de6cc\" data-element_type=\"widget\" data-e-type=\"widget\" data-widget_type=\"icon.default\">\n\t\t\t\t<div class=\"elementor-widget-container\">\n\t\t\t\t\t\t\t<div class=\"elementor-icon-wrapper\">\n\t\t\t<div class=\"elementor-icon\">\n\t\t\t<svg aria-hidden=\"true\" class=\"e-font-icon-svg e-fas-dog\" viewBox=\"0 0 576 512\" xmlns=\"http:\/\/www.w3.org\/2000\/svg\"><path d=\"M298.06,224,448,277.55V496a16,16,0,0,1-16,16H368a16,16,0,0,1-16-16V384H192V496a16,16,0,0,1-16,16H112a16,16,0,0,1-16-16V282.09C58.84,268.84,32,233.66,32,192a32,32,0,0,1,64,0,32.06,32.06,0,0,0,32,32ZM544,112v32a64,64,0,0,1-64,64H448v35.58L320,197.87V48c0-14.25,17.22-21.39,27.31-11.31L374.59,64h53.63c10.91,0,23.75,7.92,28.62,17.69L464,96h64A16,16,0,0,1,544,112Zm-112,0a16,16,0,1,0-16,16A16,16,0,0,0,432,112Z\"><\/path><\/svg>\t\t\t<\/div>\n\t\t<\/div>\n\t\t\t\t\t\t<\/div>\n\t\t\t\t<\/div>\n\t\t\t\t<div class=\"elementor-element elementor-element-fc31eae elementor-widget elementor-widget-text-editor\" data-id=\"fc31eae\" data-element_type=\"widget\" data-e-type=\"widget\" data-widget_type=\"text-editor.default\">\n\t\t\t\t<div class=\"elementor-widget-container\">\n\t\t\t\t\t\t\t\t\t<p>Unfortunately, pets are not allowed in the museum, but they are welcome to wait on a leash in front of the house!<\/p>\n\t\t\t\t\t\t\t\t<\/div>\n\t\t\t\t<\/div>\n\t\t\t\t<div class=\"elementor-element elementor-element-a766299 elementor-widget-divider--view-line elementor-widget elementor-widget-divider\" data-id=\"a766299\" data-element_type=\"widget\" data-e-type=\"widget\" data-widget_type=\"divider.default\">\n\t\t\t\t<div class=\"elementor-widget-container\">\n\t\t\t\t\t\t\t<div class=\"elementor-divider\">\n\t\t\t<span class=\"elementor-divider-separator\">\n\t\t\t\t\t\t<\/span>\n\t\t<\/div>\n\t\t\t\t\t\t<\/div>\n\t\t\t\t<\/div>\n\t\t\t\t\t<\/div>\n\t\t\t\t<\/div>\n\t\t<div class=\"elementor-element elementor-element-f79a4e4 e-flex e-con-boxed wpr-particle-no wpr-jarallax-no wpr-parallax-no wpr-sticky-section-no e-con e-parent\" data-id=\"f79a4e4\" data-element_type=\"container\" data-e-type=\"container\">\n\t\t\t\t\t<div class=\"e-con-inner\">\n\t\t\t\t<div class=\"elementor-element elementor-element-cbf8b61 elementor-widget elementor-widget-text-editor\" data-id=\"cbf8b61\" data-element_type=\"widget\" data-e-type=\"widget\" data-widget_type=\"text-editor.default\">\n\t\t\t\t<div class=\"elementor-widget-container\">\n\t\t\t\t\t\t\t\t\t<p style=\"text-align: center;\" data-start=\"122\" data-end=\"150\"><strong>Kontaktinformationen<br \/>\n<\/strong><\/p>\n<p><\/p>\n<p style=\"text-align: center;\" data-start=\"152\" data-end=\"251\">Linakstra\u00dfe 9, AT-8051 Thal<\/p>\n<p><\/p>\n<p style=\"text-align: center;\" data-start=\"152\" data-end=\"251\">+43 (0) 316 571 947<\/p>\n<p><\/p>\n<p style=\"text-align: center;\" data-start=\"152\" data-end=\"251\">museum@arnieslife.com<\/p>\n\t\t\t\t\t\t\t\t<\/div>\n\t\t\t\t<\/div>\n\t\t\t\t\t<\/div>\n\t\t\t\t<\/div>\n\t\t\t\t<\/div>\n\t\t","protected":false},"excerpt":{"rendered":"<p>Contact Arrival by public transportation: From Jakominiplatz: Take bus no. 40 to the final stop G\u00f6sting.From the main train station: take traffic tram no. 7 in the direction of Wetzelsdorf to the Alte Poststra\u00dfe stop. From there, take a short walk to the Alte Poststra\u00dfe bus stop and take bus no. 65 to the G\u00f6sting terminus. From G\u00f6sting take bus no. 48 to the Thalersee stop.Take a short walk on the main road past Thalersee in the direction of the golf course. Follow the signs uphill towards the museum, Linakstra\u00dfe 9. Arrival by car: From Wienerstra\u00dfe, head in the direction of G\u00f6sting. Continue past G\u00f6sting Castle, carry on to the right following the signs for Thalersee, Ernst Fuchs Kirche or the Arnold Schwarzenegger Museum. Always take the road towards Thalersee\/Golfplatz. Past Thalersee, turn right up the steep road to the museum. Coming over the Steinberg, head in the direction of Gasthaus Dorrer. Opposite the Dorrer inn, take the narrow road to Thal. Then continue past the sports field until you reach the golf course. Pass the golf course and turn left up the steep road. Follow the signs. Parking: Dear visitors, the privacy and well-being of our neighborhood is very important to us. We kindly ask you to park exclusively in the parking spaces provided for the museum. Alternatively, you can also use the new municipal parking lot in Thal (be.ENERGISED Charging Station, Am Kirchberg 1, 8051 Thal), which is only a short walk from the museum. Thank you for your cooperation and understanding. Your ARNIE&#8217;s life Team Unfortunately, pets are not allowed in the museum, but they are welcome to wait on a leash in front of the house! Kontaktinformationen Linakstra\u00dfe 9, AT-8051 Thal +43 (0) 316 571 947 museum@arnieslife.com<\/p>\n","protected":false},"author":1,"featured_media":0,"parent":0,"menu_order":1,"comment_status":"closed","ping_status":"closed","template":"elementor_header_footer","meta":{"_acf_changed":false,"footnotes":""},"class_list":["post-13140","page","type-page","status-publish","hentry"],"blocksy_meta":[],"acf":[],"_links":{"self":[{"href":"https:\/\/arnieslife.com\/en\/wp-json\/wp\/v2\/pages\/13140","targetHints":{"allow":["GET"]}}],"collection":[{"href":"https:\/\/arnieslife.com\/en\/wp-json\/wp\/v2\/pages"}],"about":[{"href":"https:\/\/arnieslife.com\/en\/wp-json\/wp\/v2\/types\/page"}],"author":[{"embeddable":true,"href":"https:\/\/arnieslife.com\/en\/wp-json\/wp\/v2\/users\/1"}],"replies":[{"embeddable":true,"href":"https:\/\/arnieslife.com\/en\/wp-json\/wp\/v2\/comments?post=13140"}],"version-history":[{"count":114,"href":"https:\/\/arnieslife.com\/en\/wp-json\/wp\/v2\/pages\/13140\/revisions"}],"predecessor-version":[{"id":20201,"href":"https:\/\/arnieslife.com\/en\/wp-json\/wp\/v2\/pages\/13140\/revisions\/20201"}],"wp:attachment":[{"href":"https:\/\/arnieslife.com\/en\/wp-json\/wp\/v2\/media?parent=13140"}],"curies":[{"name":"wp","href":"https:\/\/api.w.org\/{rel}","templated":true}]}}